{"id":4608,"date":"2021-01-28T16:30:34","date_gmt":"2021-01-28T15:30:34","guid":{"rendered":"https:\/\/windsurf.encours.dev\/?post_type=product&#038;p=4608"},"modified":"2026-04-08T10:02:57","modified_gmt":"2026-04-08T08:02:57","slug":"greement-dacron-2-5m%c2%b2","status":"publish","type":"product","link":"https:\/\/www.nautix-windsurf.com\/en\/produit\/greement-dacron-2-5m%c2%b2\/","title":{"rendered":"DACRON RIG 2.5m\u00b2"},"content":{"rendered":"<p>Avec des renforts sp\u00e9cifiques, le gr\u00e9ement\u00a0<strong>2.50 m\u00b2\u00a0Nautix\u00a0Dacron X-Move<\/strong>\u00a0est particuli\u00e8rement adapt\u00e9 \u00e0 un usage intensif type \u00e9cole de voile. Il est \u00e9galement con\u00e7u pour la pratique occasionnelle et est id\u00e9al pour apprendre et se perfectionner en windsurf.<\/p>\n<p>Gr\u00e9ement recommand\u00e9 pour des utilisateurs dont le poids est de :<br \/>\n&#8211; 30 kg (d\u00e9butants)<br \/>\n&#8211; 30 kg (Perfectionnement)<\/p>\n<p><strong>Caract\u00e9ristiques techniques<\/strong>\u00a0:<br \/>\n&#8211; Voile 2.50 m\u00b2 Dacron (2 lattes) avec renforts et fen\u00eatre PVC &#8211; couleur : orange \/ jaune<br \/>\n&#8211; Wishbone 1.40 m &#8211; \u00f826 mm<br \/>\n&#8211; Poign\u00e9e automatique<br \/>\n&#8211; M\u00e2t alu 2.80 m petites sections (2 parties) ou M\u00e2t fibre RDM 2.80 m petites sections (2 parties)<br \/>\n&#8211; Gr\u00e9ement livr\u00e9 avec cordage, t\u00eati\u00e8re, tire-veille, et embase avec syst\u00e8me axe universel<\/p>\n<p><strong>Nos voiles sont design\u00e9es par Teiva Sails.<\/strong><\/p>\n","protected":false},"excerpt":{"rendered":"<p>Avec des renforts sp\u00e9cifiques, le gr\u00e9ement\u00a02.50 m\u00b2\u00a0Nautix\u00a0Dacron X-Move\u00a0est particuli\u00e8rement adapt\u00e9 \u00e0 un usage intensif type \u00e9cole de voile. Il est \u00e9galement con\u00e7u pour la pratique occasionnelle et est id\u00e9al pour apprendre et se perfectionner en windsurf. Gr\u00e9ement recommand\u00e9 pour des utilisateurs dont le poids est de : &#8211; 30 kg (d\u00e9butants) &#8211; 30 kg (Perfectionnement) [&hellip;]<\/p>\n","protected":false},"featured_media":3858,"template":"","meta":{"_acf_changed":false},"product_brand":[],"product_cat":[241,242],"product_tag":[],"class_list":{"0":"post-4608","1":"product","2":"type-product","3":"status-publish","4":"has-post-thumbnail","6":"product_cat-rigs","7":"product_cat-dacron-rigs","9":"first","10":"instock","11":"taxable","12":"shipping-taxable","13":"purchasable","14":"product-type-variable"},"acf":[],"yoast_head":"<!-- This site is optimized with the Yoast SEO plugin v26.7 - https:\/\/yoast.com\/wordpress\/plugins\/seo\/ -->\n<title>DACRON RIG 2.5m\u00b2 - Nautix Windsurf Shop Accessories<\/title>\n<meta name=\"robots\" content=\"index, follow, max-snippet:-1, max-image-preview:large, max-video-preview:-1\" \/>\n<link rel=\"canonical\" href=\"https:\/\/www.nautix-windsurf.com\/en\/produit\/greement-dacron-2-5m%c2%b2\/\" \/>\n<meta property=\"og:locale\" content=\"en_US\" \/>\n<meta property=\"og:type\" content=\"article\" \/>\n<meta property=\"og:title\" content=\"DACRON RIG 2.5m\u00b2 - Nautix Windsurf Shop Accessories\" \/>\n<meta property=\"og:description\" content=\"Avec des renforts sp\u00e9cifiques, le gr\u00e9ement\u00a02.50 m\u00b2\u00a0Nautix\u00a0Dacron X-Move\u00a0est particuli\u00e8rement adapt\u00e9 \u00e0 un usage intensif type \u00e9cole de voile. Il est \u00e9galement con\u00e7u pour la pratique occasionnelle et est id\u00e9al pour apprendre et se perfectionner en windsurf. Gr\u00e9ement recommand\u00e9 pour des utilisateurs dont le poids est de : &#8211; 30 kg (d\u00e9butants) &#8211; 30 kg (Perfectionnement) [&hellip;]\" \/>\n<meta property=\"og:url\" content=\"https:\/\/www.nautix-windsurf.com\/en\/produit\/greement-dacron-2-5m%c2%b2\/\" \/>\n<meta property=\"og:site_name\" content=\"Nautix Windsurf Shop Accessories\" \/>\n<meta property=\"article:modified_time\" content=\"2026-04-08T08:02:57+00:00\" \/>\n<meta property=\"og:image\" content=\"https:\/\/nautixwindsurf-197c6.kxcdn.com\/wp-content\/uploads\/2021\/01\/greement-dacron-2.5-nautix.png\" \/>\n\t<meta property=\"og:image:width\" content=\"1080\" \/>\n\t<meta property=\"og:image:height\" content=\"1562\" \/>\n\t<meta property=\"og:image:type\" content=\"image\/png\" \/>\n<meta name=\"twitter:card\" content=\"summary_large_image\" \/>\n<meta name=\"twitter:label1\" content=\"Est. reading time\" \/>\n\t<meta name=\"twitter:data1\" content=\"1 minute\" \/>\n<script type=\"application\/ld+json\" class=\"yoast-schema-graph\">{\"@context\":\"https:\/\/schema.org\",\"@graph\":[{\"@type\":\"WebPage\",\"@id\":\"https:\/\/www.nautix-windsurf.com\/en\/produit\/greement-dacron-2-5m%c2%b2\/\",\"url\":\"https:\/\/www.nautix-windsurf.com\/en\/produit\/greement-dacron-2-5m%c2%b2\/\",\"name\":\"DACRON RIG 2.5m\u00b2 - Nautix Windsurf Shop Accessories\",\"isPartOf\":{\"@id\":\"https:\/\/www.nautix-windsurf.com\/en\/#website\"},\"primaryImageOfPage\":{\"@id\":\"https:\/\/www.nautix-windsurf.com\/en\/produit\/greement-dacron-2-5m%c2%b2\/#primaryimage\"},\"image\":{\"@id\":\"https:\/\/www.nautix-windsurf.com\/en\/produit\/greement-dacron-2-5m%c2%b2\/#primaryimage\"},\"thumbnailUrl\":\"https:\/\/nautixwindsurf-197c6.kxcdn.com\/wp-content\/uploads\/2021\/01\/greement-dacron-2.5-nautix.png\",\"datePublished\":\"2021-01-28T15:30:34+00:00\",\"dateModified\":\"2026-04-08T08:02:57+00:00\",\"breadcrumb\":{\"@id\":\"https:\/\/www.nautix-windsurf.com\/en\/produit\/greement-dacron-2-5m%c2%b2\/#breadcrumb\"},\"inLanguage\":\"en-US\",\"potentialAction\":[{\"@type\":\"ReadAction\",\"target\":[\"https:\/\/www.nautix-windsurf.com\/en\/produit\/greement-dacron-2-5m%c2%b2\/\"]}]},{\"@type\":\"ImageObject\",\"inLanguage\":\"en-US\",\"@id\":\"https:\/\/www.nautix-windsurf.com\/en\/produit\/greement-dacron-2-5m%c2%b2\/#primaryimage\",\"url\":\"https:\/\/nautixwindsurf-197c6.kxcdn.com\/wp-content\/uploads\/2021\/01\/greement-dacron-2.5-nautix.png\",\"contentUrl\":\"https:\/\/nautixwindsurf-197c6.kxcdn.com\/wp-content\/uploads\/2021\/01\/greement-dacron-2.5-nautix.png\",\"width\":1080,\"height\":1562},{\"@type\":\"BreadcrumbList\",\"@id\":\"https:\/\/www.nautix-windsurf.com\/en\/produit\/greement-dacron-2-5m%c2%b2\/#breadcrumb\",\"itemListElement\":[{\"@type\":\"ListItem\",\"position\":1,\"name\":\"Home\",\"item\":\"https:\/\/www.nautix-windsurf.com\/en\/\"},{\"@type\":\"ListItem\",\"position\":2,\"name\":\"Products\",\"item\":\"https:\/\/www.nautix-windsurf.com\/en\/windsurf\/\"},{\"@type\":\"ListItem\",\"position\":3,\"name\":\"DACRON RIG 2.5m\u00b2\"}]},{\"@type\":\"WebSite\",\"@id\":\"https:\/\/www.nautix-windsurf.com\/en\/#website\",\"url\":\"https:\/\/www.nautix-windsurf.com\/en\/\",\"name\":\"Nautix Windsurf Shop Accessories\",\"description\":\"Marque Francaise Windsurf\",\"publisher\":{\"@id\":\"https:\/\/www.nautix-windsurf.com\/en\/#organization\"},\"potentialAction\":[{\"@type\":\"SearchAction\",\"target\":{\"@type\":\"EntryPoint\",\"urlTemplate\":\"https:\/\/www.nautix-windsurf.com\/en\/?s={search_term_string}\"},\"query-input\":{\"@type\":\"PropertyValueSpecification\",\"valueRequired\":true,\"valueName\":\"search_term_string\"}}],\"inLanguage\":\"en-US\"},{\"@type\":\"Organization\",\"@id\":\"https:\/\/www.nautix-windsurf.com\/en\/#organization\",\"name\":\"Nautix Windsruf\",\"url\":\"https:\/\/www.nautix-windsurf.com\/en\/\",\"logo\":{\"@type\":\"ImageObject\",\"inLanguage\":\"en-US\",\"@id\":\"https:\/\/www.nautix-windsurf.com\/en\/#\/schema\/logo\/image\/\",\"url\":\"https:\/\/nautixwindsurf-197c6.kxcdn.com\/wp-content\/uploads\/2022\/03\/logo-nautix.jpg\",\"contentUrl\":\"https:\/\/nautixwindsurf-197c6.kxcdn.com\/wp-content\/uploads\/2022\/03\/logo-nautix.jpg\",\"width\":400,\"height\":39,\"caption\":\"Nautix Windsruf\"},\"image\":{\"@id\":\"https:\/\/www.nautix-windsurf.com\/en\/#\/schema\/logo\/image\/\"}}]}<\/script>\n<!-- \/ Yoast SEO plugin. -->","yoast_head_json":{"title":"DACRON RIG 2.5m\u00b2 - Nautix Windsurf Shop Accessories","robots":{"index":"index","follow":"follow","max-snippet":"max-snippet:-1","max-image-preview":"max-image-preview:large","max-video-preview":"max-video-preview:-1"},"canonical":"https:\/\/www.nautix-windsurf.com\/en\/produit\/greement-dacron-2-5m%c2%b2\/","og_locale":"en_US","og_type":"article","og_title":"DACRON RIG 2.5m\u00b2 - Nautix Windsurf Shop Accessories","og_description":"Avec des renforts sp\u00e9cifiques, le gr\u00e9ement\u00a02.50 m\u00b2\u00a0Nautix\u00a0Dacron X-Move\u00a0est particuli\u00e8rement adapt\u00e9 \u00e0 un usage intensif type \u00e9cole de voile. Il est \u00e9galement con\u00e7u pour la pratique occasionnelle et est id\u00e9al pour apprendre et se perfectionner en windsurf. Gr\u00e9ement recommand\u00e9 pour des utilisateurs dont le poids est de : &#8211; 30 kg (d\u00e9butants) &#8211; 30 kg (Perfectionnement) [&hellip;]","og_url":"https:\/\/www.nautix-windsurf.com\/en\/produit\/greement-dacron-2-5m%c2%b2\/","og_site_name":"Nautix Windsurf Shop Accessories","article_modified_time":"2026-04-08T08:02:57+00:00","og_image":[{"width":1080,"height":1562,"url":"https:\/\/nautixwindsurf-197c6.kxcdn.com\/wp-content\/uploads\/2021\/01\/greement-dacron-2.5-nautix.png","type":"image\/png"}],"twitter_card":"summary_large_image","twitter_misc":{"Est. reading time":"1 minute"},"schema":{"@context":"https:\/\/schema.org","@graph":[{"@type":"WebPage","@id":"https:\/\/www.nautix-windsurf.com\/en\/produit\/greement-dacron-2-5m%c2%b2\/","url":"https:\/\/www.nautix-windsurf.com\/en\/produit\/greement-dacron-2-5m%c2%b2\/","name":"DACRON RIG 2.5m\u00b2 - Nautix Windsurf Shop Accessories","isPartOf":{"@id":"https:\/\/www.nautix-windsurf.com\/en\/#website"},"primaryImageOfPage":{"@id":"https:\/\/www.nautix-windsurf.com\/en\/produit\/greement-dacron-2-5m%c2%b2\/#primaryimage"},"image":{"@id":"https:\/\/www.nautix-windsurf.com\/en\/produit\/greement-dacron-2-5m%c2%b2\/#primaryimage"},"thumbnailUrl":"https:\/\/nautixwindsurf-197c6.kxcdn.com\/wp-content\/uploads\/2021\/01\/greement-dacron-2.5-nautix.png","datePublished":"2021-01-28T15:30:34+00:00","dateModified":"2026-04-08T08:02:57+00:00","breadcrumb":{"@id":"https:\/\/www.nautix-windsurf.com\/en\/produit\/greement-dacron-2-5m%c2%b2\/#breadcrumb"},"inLanguage":"en-US","potentialAction":[{"@type":"ReadAction","target":["https:\/\/www.nautix-windsurf.com\/en\/produit\/greement-dacron-2-5m%c2%b2\/"]}]},{"@type":"ImageObject","inLanguage":"en-US","@id":"https:\/\/www.nautix-windsurf.com\/en\/produit\/greement-dacron-2-5m%c2%b2\/#primaryimage","url":"https:\/\/nautixwindsurf-197c6.kxcdn.com\/wp-content\/uploads\/2021\/01\/greement-dacron-2.5-nautix.png","contentUrl":"https:\/\/nautixwindsurf-197c6.kxcdn.com\/wp-content\/uploads\/2021\/01\/greement-dacron-2.5-nautix.png","width":1080,"height":1562},{"@type":"BreadcrumbList","@id":"https:\/\/www.nautix-windsurf.com\/en\/produit\/greement-dacron-2-5m%c2%b2\/#breadcrumb","itemListElement":[{"@type":"ListItem","position":1,"name":"Home","item":"https:\/\/www.nautix-windsurf.com\/en\/"},{"@type":"ListItem","position":2,"name":"Products","item":"https:\/\/www.nautix-windsurf.com\/en\/windsurf\/"},{"@type":"ListItem","position":3,"name":"DACRON RIG 2.5m\u00b2"}]},{"@type":"WebSite","@id":"https:\/\/www.nautix-windsurf.com\/en\/#website","url":"https:\/\/www.nautix-windsurf.com\/en\/","name":"Nautix Windsurf Shop Accessories","description":"Marque Francaise Windsurf","publisher":{"@id":"https:\/\/www.nautix-windsurf.com\/en\/#organization"},"potentialAction":[{"@type":"SearchAction","target":{"@type":"EntryPoint","urlTemplate":"https:\/\/www.nautix-windsurf.com\/en\/?s={search_term_string}"},"query-input":{"@type":"PropertyValueSpecification","valueRequired":true,"valueName":"search_term_string"}}],"inLanguage":"en-US"},{"@type":"Organization","@id":"https:\/\/www.nautix-windsurf.com\/en\/#organization","name":"Nautix Windsruf","url":"https:\/\/www.nautix-windsurf.com\/en\/","logo":{"@type":"ImageObject","inLanguage":"en-US","@id":"https:\/\/www.nautix-windsurf.com\/en\/#\/schema\/logo\/image\/","url":"https:\/\/nautixwindsurf-197c6.kxcdn.com\/wp-content\/uploads\/2022\/03\/logo-nautix.jpg","contentUrl":"https:\/\/nautixwindsurf-197c6.kxcdn.com\/wp-content\/uploads\/2022\/03\/logo-nautix.jpg","width":400,"height":39,"caption":"Nautix Windsruf"},"image":{"@id":"https:\/\/www.nautix-windsurf.com\/en\/#\/schema\/logo\/image\/"}}]}},"_links":{"self":[{"href":"https:\/\/www.nautix-windsurf.com\/en\/wp-json\/wp\/v2\/product\/4608","targetHints":{"allow":["GET"]}}],"collection":[{"href":"https:\/\/www.nautix-windsurf.com\/en\/wp-json\/wp\/v2\/product"}],"about":[{"href":"https:\/\/www.nautix-windsurf.com\/en\/wp-json\/wp\/v2\/types\/product"}],"wp:featuredmedia":[{"embeddable":true,"href":"https:\/\/www.nautix-windsurf.com\/en\/wp-json\/wp\/v2\/media\/3858"}],"wp:attachment":[{"href":"https:\/\/www.nautix-windsurf.com\/en\/wp-json\/wp\/v2\/media?parent=4608"}],"wp:term":[{"taxonomy":"product_brand","embeddable":true,"href":"https:\/\/www.nautix-windsurf.com\/en\/wp-json\/wp\/v2\/product_brand?post=4608"},{"taxonomy":"product_cat","embeddable":true,"href":"https:\/\/www.nautix-windsurf.com\/en\/wp-json\/wp\/v2\/product_cat?post=4608"},{"taxonomy":"product_tag","embeddable":true,"href":"https:\/\/www.nautix-windsurf.com\/en\/wp-json\/wp\/v2\/product_tag?post=4608"}],"curies":[{"name":"wp","href":"https:\/\/api.w.org\/{rel}","templated":true}]}}